
{"id":28317,"date":"2025-02-26T15:04:40","date_gmt":"2025-02-26T14:04:40","guid":{"rendered":"https:\/\/printetiq.com\/?page_id=28317"},"modified":"2025-03-05T12:24:10","modified_gmt":"2025-03-05T11:24:10","slug":"sens-de-sortie","status":"publish","type":"page","link":"https:\/\/printetiq.com\/index.php\/sens-de-sortie\/","title":{"rendered":"SENS DE SORTIE"},"content":{"rendered":"\t\t<div data-elementor-type=\"wp-page\" data-elementor-id=\"28317\" class=\"elementor elementor-28317\">\n\t\t\t\t<div class=\"wd-negative-gap elementor-element elementor-element-8d09d56 e-flex e-con-boxed e-con e-parent\" data-id=\"8d09d56\" data-element_type=\"container\">\n\t\t\t\t\t<div class=\"e-con-inner\">\n\t\t\t\t<div class=\"elementor-element elementor-element-38b3e8f elementor-widget elementor-widget-wd_text_block\" data-id=\"38b3e8f\" data-element_type=\"widget\" data-widget_type=\"wd_text_block.default\">\n\t\t\t\t<div class=\"elementor-widget-container\">\n\t\t\t\t\t\t\t<div class=\"wd-text-block reset-last-child text-left\">\n\t\t\t\n\t\t\t<h3><b>Comment choisir le bon sens d\u2019enroulement pour vos \u00e9tiquettes adh\u00e9sives ?<\/b><\/h3><p>Lors d\u2019une impression d\u2019\u00e9tiquettes en bobine, le choix du <b>sens d\u2019enroulement<\/b> est une \u00e9tape essentielle, surtout si vous utilisez une machine de pose automatique. Une s\u00e9lection inadapt\u00e9e peut entra\u00eener des erreurs d\u2019application et ralentir votre production. Printetiq, <b>imprimeur sp\u00e9cialis\u00e9 dans l\u2019\u00e9tiquette adh\u00e9sive<\/b>, vous explique comment faire le bon choix.<\/p><h3><b>Qu\u2019est-ce que le sens d\u2019enroulement ?<\/b><\/h3><p>Le <b>sens d\u2019enroulement<\/b> d\u00e9signe l\u2019orientation de l\u2019\u00e9tiquette sur la bobine lorsqu\u2019elle est d\u00e9roul\u00e9e. Il d\u00e9termine comment l\u2019\u00e9tiquette sera pr\u00e9sent\u00e9e \u00e0 votre machine d\u2019\u00e9tiquetage. Il existe quatre orientations standards :<\/p><ul><li><strong>0\u00b0 \u2013 Bord droit en premier<\/strong><\/li><li><strong>90\u00b0 \u2013 T\u00eate en premier<\/strong><\/li><li><strong>180\u00b0 \u2013 Bord gauche en premier<\/strong><\/li><li><strong>270\u00b0 \u2013 Pied en premier<\/strong><\/li><\/ul>\n\t\t\t\t\t<\/div>\n\t\t\t\t\t\t<\/div>\n\t\t\t\t<\/div>\n\t\t\t\t\t<\/div>\n\t\t\t\t<\/div>\n\t\t<div class=\"wd-negative-gap elementor-element elementor-element-eb67e9a e-flex e-con-boxed e-con e-parent\" data-id=\"eb67e9a\" data-element_type=\"container\">\n\t\t\t\t\t<div class=\"e-con-inner\">\n\t\t\t\t<div class=\"elementor-element elementor-element-897e75b elementor-pagination-position-outside elementor-widget elementor-widget-image-carousel\" data-id=\"897e75b\" data-element_type=\"widget\" data-settings=\"{&quot;slides_to_show&quot;:&quot;3&quot;,&quot;navigation&quot;:&quot;dots&quot;,&quot;image_spacing_custom&quot;:{&quot;unit&quot;:&quot;px&quot;,&quot;size&quot;:40,&quot;sizes&quot;:[]},&quot;autoplay&quot;:&quot;yes&quot;,&quot;pause_on_hover&quot;:&quot;yes&quot;,&quot;pause_on_interaction&quot;:&quot;yes&quot;,&quot;autoplay_speed&quot;:5000,&quot;infinite&quot;:&quot;yes&quot;,&quot;speed&quot;:500,&quot;image_spacing_custom_tablet&quot;:{&quot;unit&quot;:&quot;px&quot;,&quot;size&quot;:&quot;&quot;,&quot;sizes&quot;:[]},&quot;image_spacing_custom_mobile&quot;:{&quot;unit&quot;:&quot;px&quot;,&quot;size&quot;:&quot;&quot;,&quot;sizes&quot;:[]}}\" data-widget_type=\"image-carousel.default\">\n\t\t\t\t<div class=\"elementor-widget-container\">\n\t\t\t\t\t\t\t<div class=\"elementor-image-carousel-wrapper swiper\" role=\"region\" aria-roledescription=\"carousel\" aria-label=\"Carrousel d\u2019images\" dir=\"ltr\">\n\t\t\t<div class=\"elementor-image-carousel swiper-wrapper\" aria-live=\"off\">\n\t\t\t\t\t\t\t\t<div class=\"swiper-slide\" role=\"group\" aria-roledescription=\"slide\" aria-label=\"1 sur 4\"><figure class=\"swiper-slide-inner\"><img decoding=\"async\" class=\"swiper-slide-image\" src=\"https:\/\/printetiq.com\/wp-content\/uploads\/2025\/02\/Orientation-270\u00b0.jpg\" alt=\"Orientation-270\u00b0 imprimeur etiquette pose automatique\" \/><\/figure><\/div><div class=\"swiper-slide\" role=\"group\" aria-roledescription=\"slide\" aria-label=\"2 sur 4\"><figure class=\"swiper-slide-inner\"><img decoding=\"async\" class=\"swiper-slide-image\" src=\"https:\/\/printetiq.com\/wp-content\/uploads\/2025\/02\/Orientation-180\u00b0.jpg\" alt=\"Orientation-180\u00b0imprimerie etiquettes en rouleau\" \/><\/figure><\/div><div class=\"swiper-slide\" role=\"group\" aria-roledescription=\"slide\" aria-label=\"3 sur 4\"><figure class=\"swiper-slide-inner\"><img decoding=\"async\" class=\"swiper-slide-image\" src=\"https:\/\/printetiq.com\/wp-content\/uploads\/2025\/02\/Orientation-90\u00b0.jpg\" alt=\"Orientation-90\u00b0 imprimeur etiquettes en ligne\" \/><\/figure><\/div><div class=\"swiper-slide\" role=\"group\" aria-roledescription=\"slide\" aria-label=\"4 sur 4\"><figure class=\"swiper-slide-inner\"><img decoding=\"async\" class=\"swiper-slide-image\" src=\"https:\/\/printetiq.com\/wp-content\/uploads\/2025\/02\/Orientation-0\u00b0.jpg\" alt=\"Orientation-0\u00b0-imprimeur-etiquettes en ligne\" \/><\/figure><\/div>\t\t\t<\/div>\n\t\t\t\t\t\t\t\n\t\t\t\t\t\t\t\t\t<div class=\"swiper-pagination\"><\/div>\n\t\t\t\t\t\t\t\t\t<\/div>\n\t\t\t\t\t\t<\/div>\n\t\t\t\t<\/div>\n\t\t\t\t\t<\/div>\n\t\t\t\t<\/div>\n\t\t<div class=\"wd-negative-gap elementor-element elementor-element-7ae90c5 e-flex e-con-boxed e-con e-parent\" data-id=\"7ae90c5\" data-element_type=\"container\">\n\t\t\t\t\t<div class=\"e-con-inner\">\n\t\t\t\t<div class=\"elementor-element elementor-element-f90dfdd elementor-widget elementor-widget-wd_text_block\" data-id=\"f90dfdd\" data-element_type=\"widget\" data-widget_type=\"wd_text_block.default\">\n\t\t\t\t<div class=\"elementor-widget-container\">\n\t\t\t\t\t\t\t<div class=\"wd-text-block reset-last-child text-left\">\n\t\t\t\n\t\t\t<h3><b>Comment choisir le bon sens d\u2019enroulement ?<\/b><\/h3><p>Le choix du sens d\u00e9pend du <b>mode de pose automatique<\/b> et de l\u2019orientation souhait\u00e9e sur le produit. Pour le v\u00e9rifier facilement, il suffit de suivre ces \u00e9tapes :<\/p><ol><li>D\u00e9posez la bobine sur une surface plane.<\/li><li>Tenez-la avec votre main gauche.<\/li><li>D\u00e9roulez-la avec votre main droite.<\/li><li>Observez l\u2019orientation du texte et des \u00e9l\u00e9ments graphiques.<\/li><\/ol><p>Si vous travaillez avec un applicateur automatique, il est recommand\u00e9 de se r\u00e9f\u00e9rer aux sp\u00e9cifications techniques de votre \u00e9quipement avant de valider votre commande.<\/p><h3><b>Enroulement int\u00e9rieur ou ext\u00e9rieur ?<\/b><\/h3><p>Deux options sont possibles concernant la disposition des \u00e9tiquettes sur la bobine :<\/p><p>\u2022<b>Enroulement ext\u00e9rieur<\/b> : Les \u00e9tiquettes sont positionn\u00e9es \u00e0 l\u2019ext\u00e9rieur du rouleau. C\u2019est l\u2019option la plus courante et celle utilis\u00e9e par d\u00e9faut sur Printetiq.<\/p><p>\u2022<b>Enroulement int\u00e9rieur<\/b> : Les \u00e9tiquettes sont enroul\u00e9es vers l\u2019int\u00e9rieur de la bobine. Ce format peut \u00eatre n\u00e9cessaire pour certains applicateurs et doit \u00eatre sp\u00e9cifi\u00e9 lors de la commande via un devis personnalis\u00e9.<\/p><h3><b>Attention aux dimensions de l\u2019\u00e9tiquette<\/b><\/h3><p>La configuration du <b>sens de sortie<\/b> influence la pr\u00e9sentation de votre \u00e9tiquette. Un mauvais choix peut modifier l\u2019orientation du texte et des visuels lors de l\u2019application sur vos produits. Si l\u2019\u00e9tiquette est rectangulaire et que vous s\u00e9lectionnez un <b>sens 0\u00b0<\/b>, la hauteur (laize) sera sup\u00e9rieure \u00e0 la largeur (avance).<br \/>Si vous optez pour un <b>sens 90\u00b0<\/b>, la largeur deviendra plus grande que la hauteur.<\/p><p>Il est donc essentiel de bien v\u00e9rifier ces param\u00e8tres avant de passer votre commande pour \u00e9viter toute incompatibilit\u00e9 avec votre machine d\u2019\u00e9tiquetage.<\/p><p><b>Une question ? Un besoin sp\u00e9cifique ?<\/b><\/p><p>Printetiq vous accompagne dans la r\u00e9alisation de vos \u00e9tiquettes personnalis\u00e9es. Nos experts sont \u00e0 votre disposition pour vous conseiller et garantir un \u00e9tiquetage pr\u00e9cis et efficace. Pour des besoins sp\u00e9cifiques, n\u2019h\u00e9sitez pas \u00e0 demander un<a href=\"https:\/\/printetiq.com\/index.php\/about-us-3\/\"> <b>devis sur-mesure<\/b>.<\/a><\/p>\n\t\t\t\t\t<\/div>\n\t\t\t\t\t\t<\/div>\n\t\t\t\t<\/div>\n\t\t\t\t\t<\/div>\n\t\t\t\t<\/div>\n\t\t\t\t<\/div>\n\t\t","protected":false},"excerpt":{"rendered":"<p>Comment choisir le bon sens d\u2019enroulement pour vos \u00e9tiquettes adh\u00e9sives ? Lors d\u2019une impression d\u2019\u00e9tiquettes en bobine, le choix du<\/p>\n","protected":false},"author":1,"featured_media":0,"parent":0,"menu_order":0,"comment_status":"closed","ping_status":"closed","template":"","meta":{"footnotes":""},"class_list":["post-28317","page","type-page","status-publish","hentry"],"_links":{"self":[{"href":"https:\/\/printetiq.com\/index.php\/wp-json\/wp\/v2\/pages\/28317","targetHints":{"allow":["GET"]}}],"collection":[{"href":"https:\/\/printetiq.com\/index.php\/wp-json\/wp\/v2\/pages"}],"about":[{"href":"https:\/\/printetiq.com\/index.php\/wp-json\/wp\/v2\/types\/page"}],"author":[{"embeddable":true,"href":"https:\/\/printetiq.com\/index.php\/wp-json\/wp\/v2\/users\/1"}],"replies":[{"embeddable":true,"href":"https:\/\/printetiq.com\/index.php\/wp-json\/wp\/v2\/comments?post=28317"}],"version-history":[{"count":13,"href":"https:\/\/printetiq.com\/index.php\/wp-json\/wp\/v2\/pages\/28317\/revisions"}],"predecessor-version":[{"id":28401,"href":"https:\/\/printetiq.com\/index.php\/wp-json\/wp\/v2\/pages\/28317\/revisions\/28401"}],"wp:attachment":[{"href":"https:\/\/printetiq.com\/index.php\/wp-json\/wp\/v2\/media?parent=28317"}],"curies":[{"name":"wp","href":"https:\/\/api.w.org\/{rel}","templated":true}]}}